{"id":11181,"date":"2020-06-23T11:16:09","date_gmt":"2020-06-23T09:16:09","guid":{"rendered":"https:\/\/www.beautymed.com\/mentions-legales\/"},"modified":"2020-06-23T12:35:38","modified_gmt":"2020-06-23T10:35:38","slug":"legal-notice","status":"publish","type":"page","link":"https:\/\/www.beautymed.com\/en\/legal-notice\/","title":{"rendered":"Legal notice"},"content":{"rendered":"<p>[vc_row css=&#8221;.vc_custom_1569138003169{margin-top: 0px !important;margin-bottom: 40px !important;}&#8221; mobile_bg_img_hidden=&#8221;no&#8221; tablet_bg_img_hidden=&#8221;no&#8221; woodmart_parallax=&#8221;0&#8243; woodmart_gradient_switch=&#8221;no&#8221; row_reverse_mobile=&#8221;0&#8243; row_reverse_tablet=&#8221;0&#8243; woodmart_disable_overflow=&#8221;0&#8243; kswr_row_top_decor_enabled=&#8221;false&#8221; kswr_row_bottom_decor_enabled=&#8221;false&#8221;][vc_column offset=&#8221;vc_col-lg-offset-2 vc_col-lg-8 vc_col-md-offset-2 vc_col-md-8 vc_col-sm-offset-0&#8243; css=&#8221;.vc_custom_1569489416387{padding-top: 0px !important;}&#8221; mobile_bg_img_hidden=&#8221;no&#8221; tablet_bg_img_hidden=&#8221;no&#8221; woodmart_parallax=&#8221;0&#8243; woodmart_sticky_column=&#8221;false&#8221; parallax_scroll=&#8221;no&#8221; mobile_reset_margin=&#8221;no&#8221; tablet_reset_margin=&#8221;no&#8221;][vc_column_text text_larger=&#8221;no&#8221;]<b>BeautyMed<\/b><\/p>\n<p><span style=\"font-weight: 400;\">The BeautyMed website can be visiting at the address: www.beautymed.com<\/span><span style=\"font-weight: 400;\"><br \/>\n<\/span><span style=\"font-weight: 400;\">The access and use of the website are subject to the \u201cLegal Mentions\u201d detailed below together with the applicable laws and\/or regulations.<\/span><span style=\"font-weight: 400;\"><br \/>\n<\/span><span style=\"font-weight: 400;\">The connection, use and access to this website involve the full acceptance without reserve of all the provisions of this Legal Mentions by the user.<\/span><\/p>\n<p><b>LEGAL INFORMATION<\/b><\/p>\n<p><span style=\"font-weight: 400;\">The BeautyMed website is published by:<\/span><span style=\"font-weight: 400;\"><br \/>\n<\/span><span style=\"font-weight: 400;\">BeautyMed SAS, Z.I Sainte Anne \u2013 56350 Allaire in France<\/span><span style=\"font-weight: 400;\"><br \/>\n<\/span><span style=\"font-weight: 400;\">Phone: +33 2 99 71 84 41<\/span><span style=\"font-weight: 400;\"><br \/>\n<\/span><span style=\"font-weight: 400;\">Email: info@beautymed.com<\/span><span style=\"font-weight: 400;\"><br \/>\n<\/span><span style=\"font-weight: 400;\">Website: http:\/\/www.beautymed.com<\/span><span style=\"font-weight: 400;\"><br \/>\n<\/span><span style=\"font-weight: 400;\">Social Capital: SAS with capital of 40\u00a0000\u20ac<\/span><span style=\"font-weight: 400;\"><br \/>\n<\/span><span style=\"font-weight: 400;\">RCS: R.C.S. VANNES 449 991\u00a0090<\/span><span style=\"font-weight: 400;\"><br \/>\n<\/span><span style=\"font-weight: 400;\">VAT: VAT FR 324 4999 1090<\/span><span style=\"font-weight: 400;\"><br \/>\n<\/span><span style=\"font-weight: 400;\">APE Code: APE 2042Z<\/span><span style=\"font-weight: 400;\"><br \/>\n<\/span><span style=\"font-weight: 400;\">The Managing Editor is Pierre Boutigny<\/span><span style=\"font-weight: 400;\"><br \/>\n<\/span><span style=\"font-weight: 400;\">Contact email address: p.boutigny@aquatonale.com<\/span><\/p>\n<p><span style=\"font-weight: 400;\">The Beautymed Website is hosted by: Planet Hoster<\/span><\/p>\n<p><span style=\"font-weight: 400;\">Are considered as users people who browse, read, view and use the BeautyMed website.<\/span><\/p>\n<p><b>ACCESSIBILITY<\/b><\/p>\n<p><span style=\"font-weight: 400;\">In principle, the website is accessible to users 24h\/24h and 7d\/7d, except interruption, scheduled or not, for maintenance or in case of force majeure.<\/span><span style=\"font-weight: 400;\"><br \/>\n<\/span><span style=\"font-weight: 400;\">If unable to access to the site, we commit ourselves to do our best in order to restore access. The website will be not held responsible for any damage of any kind whatsoever resulting from its unavailability.<\/span><\/p>\n<p><b>DATA COLLECTION AND DATA PROTECTION ACT AND CIVIL LIBERTIES<\/b><\/p>\n<p><span style=\"font-weight: 400;\">We may collect personal data about you, especially when you subscribe to a service, download a Downloadable Content, sign up for the newsletter, send us an e-mail, respond to a survey or study.<\/span><span style=\"font-weight: 400;\"><br \/>\n<\/span><span style=\"font-weight: 400;\">The company commits itself to respect your privacy and protect the informations that you provide.<\/span><span style=\"font-weight: 400;\"><br \/>\n<\/span><span style=\"font-weight: 400;\">\u2022 Follow the customer relationship: if you send us a message, the data are kept and used to send an answer to your request and to follow-up<\/span><span style=\"font-weight: 400;\"><br \/>\n<\/span><span style=\"font-weight: 400;\">\u2022 Processing of services: sending of newsletters, access to counseling, etc.<\/span><span style=\"font-weight: 400;\"><br \/>\n<\/span><span style=\"font-weight: 400;\">According to the Law \u201cInformations and Freedoms\u201d of January 6th of 1978, amended in 2004, you have the rights to access, opposite, modify or delete your personal data. You can use this right at any time by sending an e-mail with a photocopy of your ID or passport, to the following address: info@beautymed.com<\/span><span style=\"font-weight: 400;\"><br \/>\n<\/span><span style=\"font-weight: 400;\">Newsletters: The personal informations you provide can allow us to send you newsletters. Those newsletters always specify our identity and the object of the newsletter. If you do not wish to receive such informations, you can unsubscribe by clicking the unsubscribe link at the bottom of the newsletters you receive.<\/span><\/p>\n<p><i><span style=\"font-weight: 400;\">What is a cookie?<\/span><\/i><\/p>\n<p><span style=\"font-weight: 400;\">A \u201ccookie\u201d or \u201ctracker\u201d is a small file generally consisting of letters and numbers, created and stored in your browser\u2019s memory located on the hard disk of your device (computer, tablet, mobile) when browsing on an Internet site, reading an e-mail message, installing or using a software program or a mobile application.\u00a0<\/span><\/p>\n<p><span style=\"font-weight: 400;\"><br \/>\n<\/span><span style=\"font-weight: 400;\">Cookies temporarily store information in relation to the use of an Internet site, and its users. Cookies don\u2019t generally store or use any identifying information about you (such as your name or email address).<\/span><\/p>\n<p><span style=\"font-weight: 400;\"><br \/>\n<\/span><span style=\"font-weight: 400;\">Cookies play an important role and enable us to improve and customise your browsing on our Site, for example by offering content that better corresponds with your areas of interest.<\/span><span style=\"font-weight: 400;\">\u00a0<\/span><\/p>\n<p><i><span style=\"font-weight: 400;\">What data can we obtain?<\/span><\/i><\/p>\n<p><span style=\"font-weight: 400;\">Even though the exact details of the data that we collect via cookies vary according to specific needs, we generally collect the following data through our Site<\/span><\/p>\n<ul>\n<li style=\"font-weight: 400;\"><span style=\"font-weight: 400;\">Connection data<\/span><\/li>\n<li style=\"font-weight: 400;\"><span style=\"font-weight: 400;\">Browsing data on our Site (pages consulted, visit duration, products sought, Products in the shopping cart\u2026)<\/span><\/li>\n<li style=\"font-weight: 400;\"><span style=\"font-weight: 400;\">Browser data<\/span><\/li>\n<li style=\"font-weight: 400;\"><span style=\"font-weight: 400;\">Device data\u00a0<\/span><\/li>\n<li style=\"font-weight: 400;\"><span style=\"font-weight: 400;\">Advertisements clicked on<\/span><\/li>\n<li style=\"font-weight: 400;\"><span style=\"font-weight: 400;\">Location\u00a0<\/span><\/li>\n<\/ul>\n<p><span style=\"font-weight: 400;\">Photo credits: Shutterstock, BeautyMed<\/span><\/p>\n<p><span style=\"font-weight: 400;\">Web agency: Diginative<\/span>[\/vc_column_text][\/vc_column][\/vc_row]<\/p>\n","protected":false},"excerpt":{"rendered":"<p>[vc_row css=&#8221;.vc_custom_1569138003169{margin-top: 0px !important;margin-bottom: 40px !important;}&#8221; mobile_bg_img_hidden=&#8221;no&#8221; tablet_bg_img_hidden=&#8221;no&#8221; woodmart_parallax=&#8221;0&#8243; woodmart_gradient_switch=&#8221;no&#8221; row_reverse_mobile=&#8221;0&#8243; row_reverse_tablet=&#8221;0&#8243; woodmart_disable_overflow=&#8221;0&#8243; kswr_row_top_decor_enabled=&#8221;false&#8221; kswr_row_bottom_decor_enabled=&#8221;false&#8221;][vc_column offset=&#8221;vc_col-lg-offset-2 vc_col-lg-8 vc_col-md-offset-2 vc_col-md-8 vc_col-sm-offset-0&#8243;<\/p>\n","protected":false},"author":4,"featured_media":0,"parent":0,"menu_order":0,"comment_status":"closed","ping_status":"closed","template":"","meta":{"footnotes":""},"class_list":["post-11181","page","type-page","status-publish","hentry"],"yoast_head":"<!-- This site is optimized with the Yoast SEO plugin v27.2 - https:\/\/yoast.com\/product\/yoast-seo-wordpress\/ -->\n<title>Mentions l\u00e9gales, marque dermo-cosm\u00e9tique | BeautyMed<\/title>\n<meta name=\"description\" content=\"Retrouvez les mentions l\u00e9gales de BeautyMed, une marque dermo-cosm\u00e9tique fran\u00e7aise.\" \/>\n<meta name=\"robots\" content=\"noindex, nofollow\" \/>\n<meta property=\"og:locale\" content=\"en_US\" \/>\n<meta property=\"og:type\" content=\"article\" \/>\n<meta property=\"og:title\" content=\"Mentions l\u00e9gales, marque dermo-cosm\u00e9tique | BeautyMed\" \/>\n<meta property=\"og:description\" content=\"Retrouvez les mentions l\u00e9gales de BeautyMed, une marque dermo-cosm\u00e9tique fran\u00e7aise.\" \/>\n<meta property=\"og:url\" content=\"https:\/\/www.beautymed.com\/en\/legal-notice\/\" \/>\n<meta property=\"og:site_name\" content=\"BeautyMed\" \/>\n<meta property=\"article:modified_time\" content=\"2020-06-23T10:35:38+00:00\" \/>\n<meta name=\"twitter:card\" content=\"summary_large_image\" \/>\n<meta name=\"twitter:label1\" content=\"Est. reading time\" \/>\n\t<meta name=\"twitter:data1\" content=\"3 minutes\" \/>\n<script type=\"application\/ld+json\" class=\"yoast-schema-graph\">{\"@context\":\"https:\/\/schema.org\",\"@graph\":[{\"@type\":\"WebPage\",\"@id\":\"https:\/\/www.beautymed.com\/en\/legal-notice\/\",\"url\":\"https:\/\/www.beautymed.com\/en\/legal-notice\/\",\"name\":\"Mentions l\u00e9gales, marque dermo-cosm\u00e9tique | BeautyMed\",\"isPartOf\":{\"@id\":\"https:\/\/www.beautymed.com\/en\/#website\"},\"datePublished\":\"2020-06-23T09:16:09+00:00\",\"dateModified\":\"2020-06-23T10:35:38+00:00\",\"description\":\"Retrouvez les mentions l\u00e9gales de BeautyMed, une marque dermo-cosm\u00e9tique fran\u00e7aise.\",\"breadcrumb\":{\"@id\":\"https:\/\/www.beautymed.com\/en\/legal-notice\/#breadcrumb\"},\"inLanguage\":\"en-US\",\"potentialAction\":[{\"@type\":\"ReadAction\",\"target\":[\"https:\/\/www.beautymed.com\/en\/legal-notice\/\"]}]},{\"@type\":\"BreadcrumbList\",\"@id\":\"https:\/\/www.beautymed.com\/en\/legal-notice\/#breadcrumb\",\"itemListElement\":[{\"@type\":\"ListItem\",\"position\":1,\"name\":\"Accueil\",\"item\":\"https:\/\/www.beautymed.com\/en\/\"},{\"@type\":\"ListItem\",\"position\":2,\"name\":\"Legal notice\"}]},{\"@type\":\"WebSite\",\"@id\":\"https:\/\/www.beautymed.com\/en\/#website\",\"url\":\"https:\/\/www.beautymed.com\/en\/\",\"name\":\"BeautyMed\",\"description\":\"BeautyMed\",\"potentialAction\":[{\"@type\":\"SearchAction\",\"target\":{\"@type\":\"EntryPoint\",\"urlTemplate\":\"https:\/\/www.beautymed.com\/en\/?s={search_term_string}\"},\"query-input\":{\"@type\":\"PropertyValueSpecification\",\"valueRequired\":true,\"valueName\":\"search_term_string\"}}],\"inLanguage\":\"en-US\"}]}<\/script>\n<!-- \/ Yoast SEO plugin. -->","yoast_head_json":{"title":"Mentions l\u00e9gales, marque dermo-cosm\u00e9tique | BeautyMed","description":"Retrouvez les mentions l\u00e9gales de BeautyMed, une marque dermo-cosm\u00e9tique fran\u00e7aise.","robots":{"index":"noindex","follow":"nofollow"},"og_locale":"en_US","og_type":"article","og_title":"Mentions l\u00e9gales, marque dermo-cosm\u00e9tique | BeautyMed","og_description":"Retrouvez les mentions l\u00e9gales de BeautyMed, une marque dermo-cosm\u00e9tique fran\u00e7aise.","og_url":"https:\/\/www.beautymed.com\/en\/legal-notice\/","og_site_name":"BeautyMed","article_modified_time":"2020-06-23T10:35:38+00:00","twitter_card":"summary_large_image","twitter_misc":{"Est. reading time":"3 minutes"},"schema":{"@context":"https:\/\/schema.org","@graph":[{"@type":"WebPage","@id":"https:\/\/www.beautymed.com\/en\/legal-notice\/","url":"https:\/\/www.beautymed.com\/en\/legal-notice\/","name":"Mentions l\u00e9gales, marque dermo-cosm\u00e9tique | BeautyMed","isPartOf":{"@id":"https:\/\/www.beautymed.com\/en\/#website"},"datePublished":"2020-06-23T09:16:09+00:00","dateModified":"2020-06-23T10:35:38+00:00","description":"Retrouvez les mentions l\u00e9gales de BeautyMed, une marque dermo-cosm\u00e9tique fran\u00e7aise.","breadcrumb":{"@id":"https:\/\/www.beautymed.com\/en\/legal-notice\/#breadcrumb"},"inLanguage":"en-US","potentialAction":[{"@type":"ReadAction","target":["https:\/\/www.beautymed.com\/en\/legal-notice\/"]}]},{"@type":"BreadcrumbList","@id":"https:\/\/www.beautymed.com\/en\/legal-notice\/#breadcrumb","itemListElement":[{"@type":"ListItem","position":1,"name":"Accueil","item":"https:\/\/www.beautymed.com\/en\/"},{"@type":"ListItem","position":2,"name":"Legal notice"}]},{"@type":"WebSite","@id":"https:\/\/www.beautymed.com\/en\/#website","url":"https:\/\/www.beautymed.com\/en\/","name":"BeautyMed","description":"BeautyMed","potentialAction":[{"@type":"SearchAction","target":{"@type":"EntryPoint","urlTemplate":"https:\/\/www.beautymed.com\/en\/?s={search_term_string}"},"query-input":{"@type":"PropertyValueSpecification","valueRequired":true,"valueName":"search_term_string"}}],"inLanguage":"en-US"}]}},"_links":{"self":[{"href":"https:\/\/www.beautymed.com\/en\/wp-json\/wp\/v2\/pages\/11181","targetHints":{"allow":["GET"]}}],"collection":[{"href":"https:\/\/www.beautymed.com\/en\/wp-json\/wp\/v2\/pages"}],"about":[{"href":"https:\/\/www.beautymed.com\/en\/wp-json\/wp\/v2\/types\/page"}],"author":[{"embeddable":true,"href":"https:\/\/www.beautymed.com\/en\/wp-json\/wp\/v2\/users\/4"}],"replies":[{"embeddable":true,"href":"https:\/\/www.beautymed.com\/en\/wp-json\/wp\/v2\/comments?post=11181"}],"version-history":[{"count":0,"href":"https:\/\/www.beautymed.com\/en\/wp-json\/wp\/v2\/pages\/11181\/revisions"}],"wp:attachment":[{"href":"https:\/\/www.beautymed.com\/en\/wp-json\/wp\/v2\/media?parent=11181"}],"curies":[{"name":"wp","href":"https:\/\/api.w.org\/{rel}","templated":true}]}}